{"id":63837,"date":"2025-07-20T23:43:03","date_gmt":"2025-07-20T21:43:03","guid":{"rendered":"https:\/\/www.servettiens.ch\/?page_id=63837"},"modified":"2025-07-20T23:43:33","modified_gmt":"2025-07-20T21:43:33","slug":"soutiens-nous","status":"publish","type":"page","link":"https:\/\/www.servettiens.ch\/?page_id=63837","title":{"rendered":"Soutiens-nous"},"content":{"rendered":"<p>[et_pb_section fb_built=&#8221;1&#8243; _builder_version=&#8221;4.27.4&#8243; _module_preset=&#8221;default&#8221; global_colors_info=&#8221;{}&#8221;][et_pb_row _builder_version=&#8221;4.27.4&#8243; _module_preset=&#8221;default&#8221; global_colors_info=&#8221;{}&#8221;][et_pb_column type=&#8221;4_4&#8243; _builder_version=&#8221;4.27.4&#8243; _module_preset=&#8221;default&#8221; global_colors_info=&#8221;{}&#8221;][et_pb_text _builder_version=&#8221;4.27.4&#8243; _module_preset=&#8221;default&#8221; custom_padding=&#8221;|0px||||&#8221; global_colors_info=&#8221;{}&#8221;]<\/p>\n<h1><span class=\"OYPEnA font-feature-liga-off font-feature-clig-off font-feature-calt-off text-decoration-none text-strikethrough-none\">TU SOUHAITES NOUS AIDER ?<\/span><\/h1>\n<p><span class=\"OYPEnA font-feature-liga-off font-feature-clig-off font-feature-calt-off text-decoration-none text-strikethrough-none\"><\/span><\/p>\n<p><span class=\"OYPEnA font-feature-liga-off font-feature-clig-off font-feature-calt-off text-decoration-none text-strikethrough-none\">Servettiens.ch ouvre une <strong>cagnotte de don<\/strong> pour aider notre association <strong>\u00e0 se d\u00e9velopper<\/strong> et \u00e0 <strong>nos b\u00e9n\u00e9voles de continuer \u00e0 travailler<\/strong> sous de bonnes conditions.<\/span><\/p>\n<p><span class=\"OYPEnA font-feature-liga-off font-feature-clig-off font-feature-calt-off text-decoration-none text-strikethrough-none\"><\/span><\/p>\n<p><span class=\"OYPEnA font-feature-liga-off font-feature-clig-off font-feature-calt-off text-decoration-none text-strikethrough-none\">Cet argent nous permettrait <strong>d\u2019am\u00e9liorer notre \u00e9mission radio<\/strong>, de pouvoir <strong>\u00eatre pr\u00e9sent \u00e0 des matchs \u00e0 l\u2019ext\u00e9rieur<\/strong>, de d\u00e9velopper <strong>de nouveaux projets<\/strong> et de nous permettre de continuer \u00e0<strong> payer nos locaux et notre site internet.<\/strong><\/span><\/p>\n<p><span class=\"OYPEnA font-feature-liga-off font-feature-clig-off font-feature-calt-off text-decoration-none text-strikethrough-none\"><\/span><\/p>\n<p><span class=\"OYPEnA font-feature-liga-off font-feature-clig-off font-feature-calt-off text-decoration-none text-strikethrough-none\">Tous les dons sont les bienvenus pour aider <strong>votre m\u00e9dia servettien.<\/strong><\/span><\/p>\n<p><span class=\"OYPEnA font-feature-liga-off font-feature-clig-off font-feature-calt-off text-decoration-none text-strikethrough-none\"><\/span><\/p>\n<p><span class=\"OYPEnA font-feature-liga-off font-feature-clig-off font-feature-calt-off text-decoration-none text-strikethrough-none\"><\/span><\/p>\n<p>[\/et_pb_text][et_pb_image src=&#8221;https:\/\/www.servettiens.ch\/wp-content\/uploads\/2025\/07\/Capture-decran-2025-07-20-214614.png&#8221; title_text=&#8221;Capture d&#8217;\u00e9cran 2025-07-20 214614&#8243; align=&#8221;center&#8221; _builder_version=&#8221;4.27.4&#8243; _module_preset=&#8221;default&#8221; global_colors_info=&#8221;{}&#8221;][\/et_pb_image][et_pb_text _builder_version=&#8221;4.27.4&#8243; _module_preset=&#8221;default&#8221; global_colors_info=&#8221;{}&#8221;]<\/p>\n<p style=\"text-align: center;\"><em><span class=\"OYPEnA font-feature-liga-off font-feature-clig-off font-feature-calt-off text-decoration-none text-strikethrough-none\">Scanne ce QR Code dans ton application bancaire pour faire un versement<\/span><\/em><\/p>\n<p style=\"text-align: center;\"><em><span class=\"OYPEnA font-feature-liga-off font-feature-clig-off font-feature-calt-off text-decoration-none text-strikethrough-none\"><\/span><\/em><\/p>\n<p>[\/et_pb_text][et_pb_text _builder_version=&#8221;4.27.4&#8243; _module_preset=&#8221;default&#8221; global_colors_info=&#8221;{}&#8221;]<\/p>\n<h1 style=\"text-align: center;\"><strong>MERCI<\/strong><\/h1>\n<p>[\/et_pb_text][\/et_pb_column][\/et_pb_row][\/et_pb_section]<\/p>\n","protected":false},"excerpt":{"rendered":"<p>TU SOUHAITES NOUS AIDER ? Servettiens.ch ouvre une cagnotte de don pour aider notre association \u00e0 se d\u00e9velopper et \u00e0 nos b\u00e9n\u00e9voles de continuer \u00e0 travailler sous de bonnes conditions. Cet argent nous permettrait d\u2019am\u00e9liorer notre \u00e9mission radio, de pouvoir \u00eatre pr\u00e9sent \u00e0 des matchs \u00e0 l\u2019ext\u00e9rieur, de d\u00e9velopper de nouveaux projets et de nous [&hellip;]<\/p>\n","protected":false},"author":15,"featured_media":0,"parent":0,"menu_order":0,"comment_status":"closed","ping_status":"closed","template":"","meta":{"_et_pb_use_builder":"on","_et_pb_old_content":"","_et_gb_content_width":"","jetpack_post_was_ever_published":true,"footnotes":""},"folder":[],"class_list":["post-63837","page","type-page","status-publish","hentry"],"jetpack_shortlink":"https:\/\/wp.me\/PbyEkS-gBD","jetpack_sharing_enabled":true,"jetpack_likes_enabled":true,"_links":{"self":[{"href":"https:\/\/www.servettiens.ch\/index.php?rest_route=\/wp\/v2\/pages\/63837","targetHints":{"allow":["GET"]}}],"collection":[{"href":"https:\/\/www.servettiens.ch\/index.php?rest_route=\/wp\/v2\/pages"}],"about":[{"href":"https:\/\/www.servettiens.ch\/index.php?rest_route=\/wp\/v2\/types\/page"}],"author":[{"embeddable":true,"href":"https:\/\/www.servettiens.ch\/index.php?rest_route=\/wp\/v2\/users\/15"}],"replies":[{"embeddable":true,"href":"https:\/\/www.servettiens.ch\/index.php?rest_route=%2Fwp%2Fv2%2Fcomments&post=63837"}],"version-history":[{"count":7,"href":"https:\/\/www.servettiens.ch\/index.php?rest_route=\/wp\/v2\/pages\/63837\/revisions"}],"predecessor-version":[{"id":63852,"href":"https:\/\/www.servettiens.ch\/index.php?rest_route=\/wp\/v2\/pages\/63837\/revisions\/63852"}],"wp:attachment":[{"href":"https:\/\/www.servettiens.ch\/index.php?rest_route=%2Fwp%2Fv2%2Fmedia&parent=63837"}],"wp:term":[{"taxonomy":"folder","embeddable":true,"href":"https:\/\/www.servettiens.ch\/index.php?rest_route=%2Fwp%2Fv2%2Ffolder&post=63837"}],"curies":[{"name":"wp","href":"https:\/\/api.w.org\/{rel}","templated":true}]}}